{"id":363,"date":"2015-12-08T16:55:39","date_gmt":"2015-12-08T22:55:39","guid":{"rendered":"http:\/\/ibarraglobal.com\/?page_id=363"},"modified":"2016-08-09T12:58:24","modified_gmt":"2016-08-09T18:58:24","slug":"contraloria-externa","status":"publish","type":"page","link":"https:\/\/ibarraglobal.com\/en\/contraloria-externa\/","title":{"rendered":"Contralor\u00eda Externa"},"content":{"rendered":"<section class=\"wpb-content-wrapper\"><p>[vc_row el_class=&#8221;portada&#8221; css=&#8221;.vc_custom_1443563668575{background-image: url(http:\/\/ibarraglobal.com\/wp-content\/uploads\/2015\/07\/servicio-auditoria.jpg?id=219) !important;background-position: center !important;background-repeat: no-repeat !important;background-size: cover !important;}&#8221;][vc_column width=&#8221;1\/1&#8243;][vc_column_text]<\/p>\n<h1 style=\"text-align: center;\"><span style=\"font-weight: 400;\">Contralor\u00eda Externa<\/span><\/h1>\n<p>[\/vc_column_text][\/vc_column][\/vc_row][vc_row css=&#8221;.vc_custom_1440633487707{margin-top: 20px !important;margin-bottom: 20px !important;}&#8221; font_color=&#8221;#003467&#8243; el_class=&#8221;row-servicios&#8221;][vc_column width=&#8221;1\/1&#8243;][vc_row_inner el_class=&#8221;container&#8221; css=&#8221;.vc_custom_1440687751051{margin-top: 20px !important;margin-bottom: 20px !important;border-width: 2px !important;border-color: #003467 !important;}&#8221;][vc_column_inner width=&#8221;5\/12&#8243; el_class=&#8221;bg-blue&#8221;][\/vc_column_inner][vc_column_inner width=&#8221;7\/12&#8243; el_class=&#8221;border-blue&#8221;][\/vc_column_inner][\/vc_row_inner][vc_row_inner el_class=&#8221;container&#8221; css=&#8221;.vc_custom_1440687774535{margin-bottom: 20px !important;}&#8221;][vc_column_inner width=&#8221;5\/12&#8243; el_class=&#8221;border-blue&#8221;][vc_column_text]<\/p>\n<h3 style=\"text-align: left;\">Flujogramas de informaci\u00f3n<\/h3>\n<p>[\/vc_column_text][\/vc_column_inner][vc_column_inner width=&#8221;7\/12&#8243; el_class=&#8221;bg-blue&#8221;][vc_column_text]<\/p>\n<h4>Funciones<\/h4>\n<p>En el contexto del an\u00e1lisis administrativo o de la gesti\u00f3n de organizaciones p\u00fablicas y privadas, los diagramas de flujo o flujogramas, son representaciones gr\u00e1ficas que emplean s\u00edmbolos para representar las etapas o pasos de un proceso, la secuencia l\u00f3gica en que estas realizan, y la interacci\u00f3n o relaci\u00f3n de coordinaci\u00f3n entre los encargados de llevarlas a cabo.<\/p>\n<h4>Beneficios \/ Ventajas<\/h4>\n<p>Permiten identificar los problemas y las oportunidades de mejora del proceso.<\/p>\n<p>Se identifican los pasos redundantes, los flujos de los reprocesos, los conflictos de autoridad, las responsabilidades, los cuellos de botella, y los puntos de decisi\u00f3n.<\/p>\n<p>Son una excelente herramienta para capacitar a los nuevos empleados y tambi\u00e9n a los que desarrollan la tarea, cuando se realizan mejoras en el proceso.<\/p>\n<p>[\/vc_column_text][\/vc_column_inner][\/vc_row_inner][vc_row_inner el_class=&#8221;container&#8221; css=&#8221;.vc_custom_1440687782994{margin-bottom: 20px !important;border-width: 2px !important;border-color: #003467 !important;}&#8221;][vc_column_inner width=&#8221;5\/12&#8243; el_class=&#8221;bg-blue&#8221;][vc_column_text]<\/p>\n<h3 style=\"text-align: left;\">Auditor\u00eda<br \/>\nde Seguro Social<\/h3>\n<p><b>Va dirigido a personas fisicas y personas morales que tienen trabajadores a su cargo<\/b>[\/vc_column_text][\/vc_column_inner][vc_column_inner width=&#8221;7\/12&#8243; el_class=&#8221;border-blue&#8221;][vc_column_text]<\/p>\n<h4>Funciones<\/h4>\n<p>Este servicio consta de la revision de la presentacion y entero de las cuotas obrero-patronales ante el imss considerando el cumplimiento de la obligacion enmarcada en el art. 16 de la ley de seguro social emitiendo una opinion por parte del contador publico registrado<\/p>\n<h4>Beneficios \/ Ventajas<\/h4>\n<p>Confirmar que las cuotas obrero-patronales esten debidamente presentadas y enteradas por parte del patron de acuerdo a lo estipulado en ley del seguro social<\/p>\n<h4>Perjucios (de no tenerlo)<\/h4>\n<p>Recibir determinaciones de diferencias de cuotas obrero-patronales por parte del imss \/ ser sujeto de revisiones directas generadas por parte del instituto[\/vc_column_text][\/vc_column_inner][\/vc_row_inner][vc_row_inner el_class=&#8221;container&#8221;][vc_column_inner width=&#8221;5\/12&#8243; el_class=&#8221;border-blue&#8221;][vc_column_text]<\/p>\n<h3 style=\"text-align: left;\">Auditor\u00eda<br \/>\nde INFONAVIT<\/h3>\n<p><b>Va dirigido a personas fisicas y personas morales que tienen trabajadores a su cargo<\/b>[\/vc_column_text][\/vc_column_inner][vc_column_inner width=&#8221;7\/12&#8243; el_class=&#8221;bg-blue&#8221;][vc_column_text]<\/p>\n<h4>Funciones<\/h4>\n<p>Consta de la revision de aportaciones y retenciones de creditos por parte del infonavit, emitiendo una opinion de cumplimiento ante el infonavit<\/p>\n<h4>Beneficios \/ Ventajas<\/h4>\n<p>Confirmar que las cuotas obrero-patronales asi como las retenciones por creditos de vivienda estan debidamente presentadas y enteradas por parte del patron de acuerdo a lo estipulado en ley del infonavit<\/p>\n<h4>Perjucios (de no tenerlo)<\/h4>\n<p>Recibir determinaciones de diferencias de cuotas y retenciones por parte del infonavit \/ ser sujeto de revisiones directas generadas por parte del instituto<br \/>\n[\/vc_column_text][\/vc_column_inner][\/vc_row_inner][\/vc_column][\/vc_row][vc_row css=&#8221;.vc_custom_1440687816817{margin-top: 20px !important;margin-bottom: 20px !important;}&#8221; font_color=&#8221;#003467&#8243; el_class=&#8221;row-servicios&#8221;][vc_column width=&#8221;1\/1&#8243;][vc_row_inner el_class=&#8221;container&#8221; css=&#8221;.vc_custom_1440687871335{margin-bottom: 20px !important;border-width: 2px !important;border-color: #003467 !important;}&#8221;][vc_column_inner width=&#8221;5\/12&#8243; el_class=&#8221;bg-blue&#8221;][vc_column_text]<\/p>\n<h3 style=\"text-align: left;\">Auditor\u00eda<br \/>\nde Control Interno<\/h3>\n<p><b>Va dirigido a personas morales<\/b>[\/vc_column_text][\/vc_column_inner][vc_column_inner width=&#8221;7\/12&#8243; el_class=&#8221;border-blue&#8221;][vc_column_text]<\/p>\n<h4>Funciones<\/h4>\n<p>Revisar las politicas y procedimientos definidas en la empresa o en su caso generarlas y desarrollar mecanismos de aplicacion de las mismas<\/p>\n<h4>Beneficios \/ Ventajas<\/h4>\n<p>Mejorar procesos productivos y administrativos realizados por la empresa en cada area con el objetivo de eficientar las actividades y aprovechar los recursos que se tienen<\/p>\n<h4>Perjucios (de no tenerlo)<\/h4>\n<p>Desperdicio de recursos economicos e ineficiencia<br \/>\n[\/vc_column_text][\/vc_column_inner][\/vc_row_inner][vc_row_inner el_class=&#8221;container&#8221; css=&#8221;.vc_custom_1440687828568{margin-bottom: 20px !important;}&#8221;][vc_column_inner width=&#8221;5\/12&#8243; el_class=&#8221;border-blue&#8221;][vc_column_text]<\/p>\n<h3 style=\"text-align: left;\">Dictamen<br \/>\nde Venta de Acciones<\/h3>\n<p><b>Va dirigido a personas morales y personas fisicas<\/b>[\/vc_column_text][\/vc_column_inner][vc_column_inner width=&#8221;7\/12&#8243; el_class=&#8221;bg-blue&#8221;][vc_column_text]<\/p>\n<h4>Funciones<\/h4>\n<p>Realizar mediante procedimiento alterno una revision a la operacion de enajenacion de acciones de la persona moral a fin de determinar el correcto entrero y presentacion de la retencion de impuesto sobre la renta<\/p>\n<h4>Beneficios \/ Ventajas<\/h4>\n<p>Pagar posiblemente una retencion menor al realizar los calculos mencionados en el art. 204 del reglamento de la ley del impuesto sobre la renta<\/p>\n<h4>Perjucios (de no tenerlo)<\/h4>\n<p>Enterar directamente el 20 o el 25% sobre el monto total de la operacion de venta de acciones, sin posibilidad de ejercer ninguna deduccion, teniendo una base amplia para el pago del impuesto<br \/>\n[\/vc_column_text][\/vc_column_inner][\/vc_row_inner][vc_row_inner el_class=&#8221;container&#8221; css=&#8221;.vc_custom_1440687883364{margin-bottom: 20px !important;border-width: 2px !important;border-color: #003467 !important;}&#8221;][vc_column_inner width=&#8221;5\/12&#8243; el_class=&#8221;bg-blue&#8221;][vc_column_text]<\/p>\n<h3 style=\"text-align: left;\">Auditor\u00eda de Fondos<br \/>\ny Cajas de Ahorro<\/h3>\n<p><b>Va dirigido a personas morales y personas fisicas<\/b>[\/vc_column_text][\/vc_column_inner][vc_column_inner width=&#8221;7\/12&#8243; el_class=&#8221;border-blue&#8221;][vc_column_text]<\/p>\n<h4>Funciones<\/h4>\n<p>El servicio consiste en revisar mediante pruebas de auditoria y aplicacion de normas internacionales de auditoria que la prestacion del fondo de ahorro o cajas de ahorro segun corresponda a la empresa sea administrada, manejada y presentada de forma razonable en los estados financieros, segun lo estipulado en normatividad y legislacion fiscal vigente<\/p>\n<h4>Beneficios \/ Ventajas<\/h4>\n<p>Asegurar que la informacion financiera cumple requisitos de validacion y deducibilidad segun ley del impuesto sobre la renta y ley del seguro social<br \/>\n[\/vc_column_text][\/vc_column_inner][\/vc_row_inner][vc_row_inner el_class=&#8221;container moduloespecial&#8221;][vc_column_inner width=&#8221;5\/12&#8243; el_class=&#8221;border-blue&#8221;][vc_column_text]<\/p>\n<h3 style=\"text-align: left;\">Auto-Revisi\u00f3n de Auditor\u00eda<br \/>\nFiscal y\/o Financiera (Self Audit Review\/SAR)<\/h3>\n<p><b>Va dirigido a personas morales y personas fisicas<\/b>[\/vc_column_text][\/vc_column_inner][vc_column_inner width=&#8221;7\/12&#8243; el_class=&#8221;bg-blue&#8221;][vc_column_text]<\/p>\n<h4>Funciones<\/h4>\n<p>Consiste en la prestaci\u00f3n del servicio de auditoria ya sea con enfoque fiscal y\/o financiero para la empresa con el objetivo de emitir una opini\u00f3n por parte del cpr, considerando un honorario menor al que normalmente se establecer\u00eda, ya que la empresa generara papeles de trabajo definidos por la firma a fin de dedicarle menos tiempo que en una revisi\u00f3n normal. considerando que al final de la hechura de los papeles de trabajo por parte de la empresa, se llevara a cabo la validaci\u00f3n por parte del personal de auditoria de la firma.<\/p>\n<h4>Beneficios \/ Ventajas<\/h4>\n<p>Realizar una revision externa respecto de la preparacion y presentacion de la ifnormacion financiera y\/o fiscal dentro de la empresa, basada en pruebas previamente definidas de acuerdo al giro y actividades que se llevan a cabo \/ tener un menor honorario ya que el trabajo sera supervisado por parte del auditor al cierre del periodo de elaboracion de cedulas y papeles de trabajo previamente definidos y explicados \/ obtencion de una opinion soportada en base a la autorevision realizada<\/p>\n<h4>Perjucios (de no tenerlo)<\/h4>\n<p>No identificar problemas y situaciones de riesgo derivados de la no aplicacion adecuada de requisitos de ley en el calculo de impuestos asi como el no entendimiento de la normatividad aplicable en la informacion financiera<br \/>\n[\/vc_column_text][\/vc_column_inner][\/vc_row_inner][\/vc_column][\/vc_row][vc_row css=&#8221;.vc_custom_1440687816817{margin-top: 20px !important;margin-bottom: 20px !important;}&#8221; font_color=&#8221;#003467&#8243; el_class=&#8221;row-servicios&#8221;][vc_column width=&#8221;1\/1&#8243;][vc_row_inner el_class=&#8221;container moduloespecial-dos&#8221; css=&#8221;.vc_custom_1440688210335{margin-bottom: 20px !important;border-width: 2px !important;border-color: #003467 !important;}&#8221;][vc_column_inner width=&#8221;5\/12&#8243; el_class=&#8221;bg-blue&#8221;][vc_column_text]<\/p>\n<h3 style=\"text-align: left;\">Auditor\u00eda Interna<br \/>\n(Enfoque de Revisi\u00f3n Externa Fiscal-Financiera)<\/h3>\n<p><b>Va dirigido a personas morales y personas fisicas<\/b>[\/vc_column_text][\/vc_column_inner][vc_column_inner width=&#8221;7\/12&#8243; el_class=&#8221;border-blue&#8221;][vc_column_text]<\/p>\n<h4>Funciones<\/h4>\n<p>Consiste en realizar de manera constante (tal vez mensual o trimestralmente) una revisi\u00f3n para efectos internos con el enfoque y requerimiento de una revisi\u00f3n externa, con el objetivo de lograr y desarrollar el cumplimiento por parte de los diferentes departamentos involucrados en la operaci\u00f3n de la empresa, elaborando un plan de acci\u00f3n considerando las \u00e1reas m\u00e1s delicadas y riesgosas.<\/p>\n<h4>Beneficios \/ Ventajas<\/h4>\n<p>definir areas de oportunidad para eficientar las actividades asi como los procedimientos llevados en las areas clave del proceso productivo e identificar posibles fugas de recursos economicos[\/vc_column_text][\/vc_column_inner][\/vc_row_inner][vc_row_inner el_class=&#8221;container moduloespecial&#8221; css=&#8221;.vc_custom_1440689069327{margin-bottom: 20px !important;}&#8221;][vc_column_inner width=&#8221;5\/12&#8243; el_class=&#8221;border-blue&#8221;][vc_column_text]<\/p>\n<h3 style=\"text-align: left;\">Auditor\u00eda de Sistemas de Tecnolog\u00eda Utilizados en el Proceso Contable-Fiscal<\/h3>\n<p><b>Va dirigido a personas morales y personas fisicas<\/b>[\/vc_column_text][\/vc_column_inner][vc_column_inner width=&#8221;7\/12&#8243; el_class=&#8221;bg-blue&#8221;][vc_column_text]<\/p>\n<h4>Funciones<\/h4>\n<p>Consiste en la revisi\u00f3n de las entradas y salidas de informaci\u00f3n correcta en los distintos sistemas relacionados con el sistema central de contabilidad, cuidando los cruces entre ellos a fin de lograr que todos contengan la misma informaci\u00f3n,<\/p>\n<h4>Beneficios \/ Ventajas<\/h4>\n<p>Lograr que la informacion que se concentra en los distintos sistemas de informacion sea la adecuada de acuerdo a la revision periodica y necesaria de las entradas de informacion por cada uno de los que la empresa tenga en funcionamiento, asi como el cuidado de la interfaz que corresponde realizar hacia el cistema concentrador de la informacion[\/vc_column_text][\/vc_column_inner][\/vc_row_inner][vc_row_inner el_class=&#8221;container moduloespecial-tres&#8221; css=&#8221;.vc_custom_1440688304485{margin-bottom: 20px !important;border-width: 2px !important;border-color: #003467 !important;}&#8221;][vc_column_inner width=&#8221;5\/12&#8243; el_class=&#8221;bg-blue&#8221;][vc_column_text]<\/p>\n<h3 style=\"text-align: left;\">Auditor\u00eda Fiscal y\/o Financiera de Manera Remota<\/h3>\n<p><b>Va dirigido a personas morales y personas fisicas<\/b>[\/vc_column_text][\/vc_column_inner][vc_column_inner width=&#8221;7\/12&#8243; el_class=&#8221;border-blue&#8221;][vc_column_text]<\/p>\n<h4>Funciones<\/h4>\n<p>consiste en la prestaci\u00f3n del servicio de auditoria ya sea con enfoque fiscal y\/o financiero para clientes fuera de la ciudad o bien en la misma localidad, considerando que el trabajo de revisi\u00f3n ser\u00e1 se llevara a cabo en las instalaciones de la firma con la informaci\u00f3n electr\u00f3nica que la empresa almacenar\u00e1 en un sitio virtual definido por la firma, contando as\u00ed con los elementos necesarios para realizar la revisi\u00f3n correspondiente. generando como producto a entregar la opini\u00f3n por parte del cpr.<\/p>\n<h4>Beneficios \/ Ventajas<\/h4>\n<p>Honorario menor considerando que parte del trabajo lo realiza directamente la empresa y se evitan costos completos de viaticos por parte del equipo de auditoria asignado a revision \/ revision externa del cumplimiento y aplicacion de la legislacion y normatividad aplicable a la informacion fiscal y financiera segun aplique.[\/vc_column_text][\/vc_column_inner][\/vc_row_inner][\/vc_column][\/vc_row][vc_row css=&#8221;.vc_custom_1440633500292{margin-bottom: 20px !important;}&#8221; font_color=&#8221;#003467&#8243; el_class=&#8221;row-servicios&#8221;][vc_column width=&#8221;1\/1&#8243;][\/vc_column][\/vc_row]<\/p>\n<\/section>","protected":false},"excerpt":{"rendered":"<p>[vc_row el_class=&#8221;portada&#8221; css=&#8221;.vc_custom_1443563668575{background-image: url(http:\/\/ibarraglobal.com\/wp-content\/uploads\/2015\/07\/servicio-auditoria.jpg?id=219) !important;background-position: center !important;background-repeat: no-repeat !important;background-size: cover !important;}&#8221;][vc_column width=&#8221;1\/1&#8243;][vc_column_text] Contralor\u00eda Externa [\/vc_column_text][\/vc_column][\/vc_row][vc_row css=&#8221;.vc_custom_1440633487707{margin-top: 20px !important;margin-bottom: 20px !important;}&#8221; font_color=&#8221;#003467&#8243; el_class=&#8221;row-servicios&#8221;][vc_column width=&#8221;1\/1&#8243;][vc_row_inner el_class=&#8221;container&#8221; css=&#8221;.vc_custom_1440687751051{margin-top: 20px !important;margin-bottom: 20px !important;border-width: 2px !important;border-color: #003467 !important;}&#8221;][vc_column_inner width=&#8221;5\/12&#8243; el_class=&#8221;bg-blue&#8221;][\/vc_column_inner][vc_column_inner width=&#8221;7\/12&#8243; el_class=&#8221;border-blue&#8221;][\/vc_column_inner][\/vc_row_inner][vc_row_inner el_class=&#8221;container&#8221; css=&#8221;.vc_custom_1440687774535{margin-bottom: 20px !important;}&#8221;][vc_column_inner width=&#8221;5\/12&#8243; el_class=&#8221;border-blue&#8221;][vc_column_text] Flujogramas de informaci\u00f3n [\/vc_column_text][\/vc_column_inner][vc_column_inner width=&#8221;7\/12&#8243; el_class=&#8221;bg-blue&#8221;][vc_column_text] Funciones En el contexto del an\u00e1lisis&nbsp; <a href=\"https:\/\/ibarraglobal.com\/en\/contraloria-externa\/\">&hellip; Read more <i class=\"glyphicon glyphicon-arrow-right\"><\/i><\/a><\/p>\n","protected":false},"author":1,"featured_media":0,"parent":0,"menu_order":0,"comment_status":"open","ping_status":"open","template":"page-full-width.php","meta":{"footnotes":""},"_links":{"self":[{"href":"https:\/\/ibarraglobal.com\/en\/wp-json\/wp\/v2\/pages\/363"}],"collection":[{"href":"https:\/\/ibarraglobal.com\/en\/wp-json\/wp\/v2\/pages"}],"about":[{"href":"https:\/\/ibarraglobal.com\/en\/wp-json\/wp\/v2\/types\/page"}],"author":[{"embeddable":true,"href":"https:\/\/ibarraglobal.com\/en\/wp-json\/wp\/v2\/users\/1"}],"replies":[{"embeddable":true,"href":"https:\/\/ibarraglobal.com\/en\/wp-json\/wp\/v2\/comments?post=363"}],"version-history":[{"count":2,"href":"https:\/\/ibarraglobal.com\/en\/wp-json\/wp\/v2\/pages\/363\/revisions"}],"predecessor-version":[{"id":431,"href":"https:\/\/ibarraglobal.com\/en\/wp-json\/wp\/v2\/pages\/363\/revisions\/431"}],"wp:attachment":[{"href":"https:\/\/ibarraglobal.com\/en\/wp-json\/wp\/v2\/media?parent=363"}],"curies":[{"name":"wp","href":"https:\/\/api.w.org\/{rel}","templated":true}]}}